{"id":11,"date":"2016-03-28T09:28:14","date_gmt":"2016-03-28T09:28:14","guid":{"rendered":"http:\/\/wp.magnium-themes.com\/thebuilt\/thebuilt-2\/?page_id=11"},"modified":"2025-02-06T07:45:33","modified_gmt":"2025-02-06T07:45:33","slug":"homepage","status":"publish","type":"page","link":"https:\/\/urzteknik.com.tr\/","title":{"rendered":"Anasayfa"},"content":{"rendered":"<div class=\"wpb-content-wrapper\"><p>[vc_row][vc_column][rev_slider_vc alias=&#8221;thebuilt-2&#8243;][\/vc_column][\/vc_row][vc_row][vc_column]<div class=\"mgt-header-block clearfix text-center text-black wpb_content_element  mgt-header-block-style-2 mgt-header-texttransform-both \"><h3 class=\"mgt-header-block-title\">Hizmetlerimiz<\/h3><\/div>[\/vc_column][\/vc_row][vc_row full_width=&#8221;stretch_row&#8221; css=&#8221;.vc_custom_1465983521264{padding-top: 20px !important;padding-bottom: 50px !important;}&#8221;][vc_column width=&#8221;1\/4&#8243;]<style scoped='scoped'>.mgt-promo-block-81855614819.mgt-promo-block.animated:hover .mgt-promo-block-content {background-color: rgba(0,0,0,0.5)!important;}<\/style><div class=\"mgt-promo-block animated white-text cover-image text-size-normal no-darken mgt-promo-block-81855614819 wpb_content_element wpb_animate_when_almost_visible wpb_left-to-right\" data-style=\"background-image: url(https:\/\/urzteknik.com.tr\/wp-content\/uploads\/2025\/02\/1.png);background-repeat: no-repeat;width: 100%; height: 250px;\"><div class=\"mgt-promo-block-content\"><div class=\"mgt-promo-block-content-inside\"><\/div><\/div><\/div>[vc_column_text css_animation=&#8221;left-to-right&#8221; css=&#8221;.vc_custom_1738822122676{padding-top: 25px !important;}&#8221;]<\/p>\n<h4>G\u00d6R\u00dcNT\u00dc VE B\u0130L\u0130\u015e\u0130M S\u0130STEMLER\u0130<\/h4>\n<p>4K,LCD,DLP ve Full HD Projeksiyon se\u00e7enekleriyle, konusunda en iyi olan Markalar\u0131 kullan\u0131yoruz. G\u00f6r\u00fcnt\u00fclerin daha az kay\u0131pla da\u011f\u0131tm\u0131n\u0131 sa\u011flayan Fiber optik Transmitter- Receiver ve kablolar,16:9 ve 4&#215;3 format olarak g\u00f6r\u00fcnt\u00fc hizmeti sa\u011flamaktay\u0131z.[\/vc_column_text][\/vc_column][vc_column width=&#8221;1\/4&#8243;]<style scoped='scoped'>.mgt-promo-block-81855614819.mgt-promo-block.animated:hover .mgt-promo-block-content {background-color: rgba(0,0,0,0.5)!important;}<\/style><div class=\"mgt-promo-block animated white-text cover-image text-size-normal no-darken mgt-promo-block-81855614819 wpb_content_element wpb_animate_when_almost_visible wpb_left-to-right\" data-style=\"background-image: url(https:\/\/urzteknik.com.tr\/wp-content\/uploads\/2025\/02\/50_1.jpg);background-repeat: no-repeat;width: 100%; height: 250px;\"><div class=\"mgt-promo-block-content\"><div class=\"mgt-promo-block-content-inside\"><\/div><\/div><\/div>[vc_column_text css_animation=&#8221;left-to-right&#8221; css=&#8221;.vc_custom_1738822100874{padding-top: 25px !important;}&#8221;]<\/p>\n<h4>SES VE KONFERANS S\u0130STEMLER\u0130<\/h4>\n<p>A\u00e7\u0131k ve kapal\u0131 mekan organizasyonlarda; Akustik sorun, g\u00fcr\u00fclt\u00fc kirlili\u011fi ve eko olmamas\u0131 i\u00e7in gereken altyap\u0131y\u0131 en iyi \u015fekilde sa\u011flamaktay\u0131z.[\/vc_column_text][\/vc_column][vc_column width=&#8221;1\/4&#8243;]<style scoped='scoped'>.mgt-promo-block-81852511819.mgt-promo-block.animated:hover .mgt-promo-block-content {background-color: rgba(0,0,0,0.5)!important;}<\/style><div class=\"mgt-promo-block animated white-text cover-image text-size-normal no-darken mgt-promo-block-81852511819 wpb_content_element wpb_animate_when_almost_visible wpb_left-to-right\" data-style=\"background-image: url(https:\/\/urzteknik.com.tr\/wp-content\/uploads\/2025\/02\/3.png);background-repeat: no-repeat;width: 100%; height: 250px;\"><div class=\"mgt-promo-block-content\"><div class=\"mgt-promo-block-content-inside\"><\/div><\/div><\/div>[vc_column_text css_animation=&#8221;left-to-right&#8221; css=&#8221;.vc_custom_1738822225921{padding-top: 25px !important;}&#8221;]<\/p>\n<h4>I\u015eIK VE TRUSS S\u0130STEMLER\u0130<\/h4>\n<p>A\u00e7\u0131k ve kapal\u0131 alanlarda truss sistemleri, ak\u0131ll\u0131 motorlu \u0131\u015f\u0131klar, efektler, Lazer vb. ihtiyac\u0131n\u0131z olan \u0131\u015f\u0131k hizmetini sizinle beraber belirlenip uygulanmaktad\u0131r.[\/vc_column_text][\/vc_column][vc_column width=&#8221;1\/4&#8243;]<style scoped='scoped'>.mgt-promo-block-81852511819.mgt-promo-block.animated:hover .mgt-promo-block-content {background-color: rgba(0,0,0,0.5)!important;}<\/style><div class=\"mgt-promo-block animated white-text cover-image text-size-normal no-darken mgt-promo-block-81852511819 wpb_content_element wpb_animate_when_almost_visible wpb_left-to-right\" data-style=\"background-image: url(https:\/\/urzteknik.com.tr\/wp-content\/uploads\/2025\/02\/6-1.jpeg);background-repeat: no-repeat;width: 100%; height: 250px;\"><div class=\"mgt-promo-block-content\"><div class=\"mgt-promo-block-content-inside\"><\/div><\/div><\/div>[vc_column_text css_animation=&#8221;left-to-right&#8221; css=&#8221;.vc_custom_1738822887045{padding-top: 25px !important;}&#8221;]<\/p>\n<h4>S\u0130MULTANE \u00c7EV\u0130R\u0130 S\u0130STEMLER\u0130<\/h4>\n<p>BOSCH Integrus DCN verici ve kontrol \u00fcnitelerinden olu\u015fan sim\u00fcltane \u00e7eviri sistemi ile; a\u00e7\u0131k ve kapal\u0131 alanlarda dinleyicilere y\u00fcksek kalitede ses iletimi sa\u011flamaktay\u0131z. \u00c7eviri sistemi Uluslararas\u0131 standartlara uygun, 1 kanaldan 32 kanalda \u00e7eviri yap\u0131lmaktad\u0131r[\/vc_column_text][\/vc_column][\/vc_row][vc_row full_width=&#8221;stretch_row&#8221; css=&#8221;.vc_custom_1738824659679{padding-bottom: 60px !important;background-color: #ededed !important;}&#8221;][vc_column]<div class=\"mgt-header-block clearfix text-center text-black wpb_content_element  mgt-header-block-style-2 mgt-header-texttransform-both \"><h3 class=\"mgt-header-block-title\">Ger\u00e7ekle\u015fen \u0130\u015flerimizden Baz\u0131 G\u00f6rseller<\/h3><\/div>[vc_media_grid css=&#8221;&#8221; grid_id=&#8221;vc_gid:1738827903821-07d37e54-abcc-3&#8243; include=&#8221;3401,3398,3397,3419,3421,3396,3402,3403,3422&#8243;][\/vc_column][\/vc_row][vc_row full_width=&#8221;stretch_row&#8221; css=&#8221;.vc_custom_1465978676987{padding-bottom: 60px !important;background-image: url(https:\/\/urzteknik.com.tr\/wp-content\/uploads\/2016\/03\/import_placeholder.png?id=2275) !important;}&#8221;][vc_column]<div class=\"mgt-header-block clearfix text-center text-black wpb_content_element  mgt-header-block-style-2 mgt-header-texttransform-both \"><h3 class=\"mgt-header-block-title\">Referanslar\u0131m\u0131z<\/h3><\/div>[vc_single_image image=&#8221;3428&#8243; img_size=&#8221;full&#8221; alignment=&#8221;center&#8221; css=&#8221;&#8221;][\/vc_column][\/vc_row]<\/p>\n<\/div>","protected":false},"excerpt":{"rendered":"<p>[vc_row][vc_column][rev_slider_vc alias=&#8221;thebuilt-2&#8243;][\/vc_column][\/vc_row][vc_row][vc_column][\/vc_column][\/vc_row][vc_row full_width=&#8221;stretch_row&#8221; css=&#8221;.vc_custom_1465983521264{padding-top: 20px !important;padding-bottom: 50px !important;}&#8221;][vc_column width=&#8221;1\/4&#8243;][vc_column_text css_animation=&#8221;left-to-right&#8221; css=&#8221;.vc_custom_1738822122676{padding-top: 25px !important;}&#8221;] G\u00d6R\u00dcNT\u00dc VE B\u0130L\u0130\u015e\u0130M S\u0130STEMLER\u0130 4K,LCD,DLP ve Full HD Projeksiyon se\u00e7enekleriyle, konusunda en iyi olan Markalar\u0131 kullan\u0131yoruz. G\u00f6r\u00fcnt\u00fclerin&#8230;<\/p>\n","protected":false},"author":1,"featured_media":0,"parent":0,"menu_order":0,"comment_status":"closed","ping_status":"closed","template":"","meta":{"footnotes":""},"class_list":["post-11","page","type-page","status-publish","hentry"],"_links":{"self":[{"href":"https:\/\/urzteknik.com.tr\/index.php?rest_route=\/wp\/v2\/pages\/11","targetHints":{"allow":["GET"]}}],"collection":[{"href":"https:\/\/urzteknik.com.tr\/index.php?rest_route=\/wp\/v2\/pages"}],"about":[{"href":"https:\/\/urzteknik.com.tr\/index.php?rest_route=\/wp\/v2\/types\/page"}],"author":[{"embeddable":true,"href":"https:\/\/urzteknik.com.tr\/index.php?rest_route=\/wp\/v2\/users\/1"}],"replies":[{"embeddable":true,"href":"https:\/\/urzteknik.com.tr\/index.php?rest_route=%2Fwp%2Fv2%2Fcomments&post=11"}],"version-history":[{"count":29,"href":"https:\/\/urzteknik.com.tr\/index.php?rest_route=\/wp\/v2\/pages\/11\/revisions"}],"predecessor-version":[{"id":3458,"href":"https:\/\/urzteknik.com.tr\/index.php?rest_route=\/wp\/v2\/pages\/11\/revisions\/3458"}],"wp:attachment":[{"href":"https:\/\/urzteknik.com.tr\/index.php?rest_route=%2Fwp%2Fv2%2Fmedia&parent=11"}],"curies":[{"name":"wp","href":"https:\/\/api.w.org\/{rel}","templated":true}]}}