{"id":3609,"date":"2025-02-06T11:37:35","date_gmt":"2025-02-06T11:37:35","guid":{"rendered":"https:\/\/urzteknik.com.tr\/?page_id=3609"},"modified":"2025-02-06T11:42:04","modified_gmt":"2025-02-06T11:42:04","slug":"3609-2","status":"publish","type":"page","link":"https:\/\/urzteknik.com.tr\/?page_id=3609","title":{"rendered":"H\u0130ZMETLER\u0130M\u0130Z"},"content":{"rendered":"<div class=\"wpb-content-wrapper\"><p>[vc_row][vc_column]<div class=\"mgt-header-block clearfix text-left text-black wpb_content_element  mgt-header-block-style-1 mgt-header-texttransform-header \"><h2 class=\"mgt-header-block-title\">H\u0130ZMETLER\u0130M\u0130Z<\/h2><div class=\"mgt-header-line\"><\/div><\/div>[\/vc_column][\/vc_row][vc_row full_width=&#8221;stretch_row&#8221; css=&#8221;.vc_custom_1465983521264{padding-top: 20px !important;padding-bottom: 50px !important;}&#8221;][vc_column width=&#8221;1\/4&#8243;]<style scoped='scoped'>.mgt-promo-block-81855614819.mgt-promo-block.animated:hover .mgt-promo-block-content {background-color: rgba(0,0,0,0.5)!important;}<\/style><div class=\"mgt-promo-block animated white-text cover-image text-size-normal no-darken mgt-promo-block-81855614819 wpb_content_element wpb_animate_when_almost_visible wpb_left-to-right\" data-style=\"background-image: url(https:\/\/urzteknik.com.tr\/wp-content\/uploads\/2025\/02\/1.png);background-repeat: no-repeat;width: 100%; height: 250px;\"><div class=\"mgt-promo-block-content\"><div class=\"mgt-promo-block-content-inside\"><\/div><\/div><\/div>[vc_column_text css_animation=&#8221;left-to-right&#8221; css=&#8221;.vc_custom_1738822122676{padding-top: 25px !important;}&#8221;]<\/p>\n<h4>G\u00d6R\u00dcNT\u00dc VE B\u0130L\u0130\u015e\u0130M S\u0130STEMLER\u0130<\/h4>\n<p>4K,LCD,DLP ve Full HD Projeksiyon se\u00e7enekleriyle, konusunda en iyi olan Markalar\u0131 kullan\u0131yoruz. G\u00f6r\u00fcnt\u00fclerin daha az kay\u0131pla da\u011f\u0131tm\u0131n\u0131 sa\u011flayan Fiber optik Transmitter- Receiver ve kablolar,16:9 ve 4&#215;3 format olarak g\u00f6r\u00fcnt\u00fc hizmeti sa\u011flamaktay\u0131z.[\/vc_column_text][\/vc_column][vc_column width=&#8221;1\/4&#8243;]<style scoped='scoped'>.mgt-promo-block-81855614819.mgt-promo-block.animated:hover .mgt-promo-block-content {background-color: rgba(0,0,0,0.5)!important;}<\/style><div class=\"mgt-promo-block animated white-text cover-image text-size-normal no-darken mgt-promo-block-81855614819 wpb_content_element wpb_animate_when_almost_visible wpb_left-to-right\" data-style=\"background-image: url(https:\/\/urzteknik.com.tr\/wp-content\/uploads\/2025\/02\/50_1.jpg);background-repeat: no-repeat;width: 100%; height: 250px;\"><div class=\"mgt-promo-block-content\"><div class=\"mgt-promo-block-content-inside\"><\/div><\/div><\/div>[vc_column_text css_animation=&#8221;left-to-right&#8221; css=&#8221;.vc_custom_1738822100874{padding-top: 25px !important;}&#8221;]<\/p>\n<h4>SES VE KONFERANS S\u0130STEMLER\u0130<\/h4>\n<p>A\u00e7\u0131k ve kapal\u0131 mekan organizasyonlarda; Akustik sorun, g\u00fcr\u00fclt\u00fc kirlili\u011fi ve eko olmamas\u0131 i\u00e7in gereken altyap\u0131y\u0131 en iyi \u015fekilde sa\u011flamaktay\u0131z.[\/vc_column_text][\/vc_column][vc_column width=&#8221;1\/4&#8243;]<style scoped='scoped'>.mgt-promo-block-81852511819.mgt-promo-block.animated:hover .mgt-promo-block-content {background-color: rgba(0,0,0,0.5)!important;}<\/style><div class=\"mgt-promo-block animated white-text cover-image text-size-normal no-darken mgt-promo-block-81852511819 wpb_content_element wpb_animate_when_almost_visible wpb_left-to-right\" data-style=\"background-image: url(https:\/\/urzteknik.com.tr\/wp-content\/uploads\/2025\/02\/3.png);background-repeat: no-repeat;width: 100%; height: 250px;\"><div class=\"mgt-promo-block-content\"><div class=\"mgt-promo-block-content-inside\"><\/div><\/div><\/div>[vc_column_text css_animation=&#8221;left-to-right&#8221; css=&#8221;.vc_custom_1738822225921{padding-top: 25px !important;}&#8221;]<\/p>\n<h4>I\u015eIK VE TRUSS S\u0130STEMLER\u0130<\/h4>\n<p>A\u00e7\u0131k ve kapal\u0131 alanlarda truss sistemleri, ak\u0131ll\u0131 motorlu \u0131\u015f\u0131klar, efektler, Lazer vb. ihtiyac\u0131n\u0131z olan \u0131\u015f\u0131k hizmetini sizinle beraber belirlenip uygulanmaktad\u0131r.[\/vc_column_text][\/vc_column][vc_column width=&#8221;1\/4&#8243;]<style scoped='scoped'>.mgt-promo-block-81852511819.mgt-promo-block.animated:hover .mgt-promo-block-content {background-color: rgba(0,0,0,0.5)!important;}<\/style><div class=\"mgt-promo-block animated white-text cover-image text-size-normal no-darken mgt-promo-block-81852511819 wpb_content_element wpb_animate_when_almost_visible wpb_left-to-right\" data-style=\"background-image: url(https:\/\/urzteknik.com.tr\/wp-content\/uploads\/2025\/02\/6-1.jpeg);background-repeat: no-repeat;width: 100%; height: 250px;\"><div class=\"mgt-promo-block-content\"><div class=\"mgt-promo-block-content-inside\"><\/div><\/div><\/div>[vc_column_text css_animation=&#8221;left-to-right&#8221; css=&#8221;.vc_custom_1738822887045{padding-top: 25px !important;}&#8221;]<\/p>\n<h4>S\u0130MULTANE \u00c7EV\u0130R\u0130 S\u0130STEMLER\u0130<\/h4>\n<p>BOSCH Integrus DCN verici ve kontrol \u00fcnitelerinden olu\u015fan sim\u00fcltane \u00e7eviri sistemi ile; a\u00e7\u0131k ve kapal\u0131 alanlarda dinleyicilere y\u00fcksek kalitede ses iletimi sa\u011flamaktay\u0131z. \u00c7eviri sistemi Uluslararas\u0131 standartlara uygun, 1 kanaldan 32 kanalda \u00e7eviri yap\u0131lmaktad\u0131r[\/vc_column_text][\/vc_column][\/vc_row][vc_row][vc_column][vc_column_text css=&#8221;&#8221;]<\/p>\n<section class=\"call-to-action-section bg-gray-3 \">\n<div class=\"call-to-action-inner tt-wrap\">\n<div class=\"row\">\n<div class=\"col-md-12 \">\n<div class=\" max-width-1000 margin-auto\">\n<ul>\n<li>Kongre organizasyonlar\u0131 i\u00e7in projekt\u00f6rler, multivizyon perdeleri, bilgisayar, teknik alt yap\u0131<\/li>\n<li>Bas\u0131n toplant\u0131lar\u0131nda slayt projekt\u00f6rler, tepeg\u00f6z<\/li>\n<li>Prezentasyonlarda simultane sistem, kulakl\u0131k ve di\u011fer ekipmanlar<\/li>\n<li>Konferanslarda ses sistemleri (yaka, el telsiz,delege mikrofon vs.)<\/li>\n<li>Fuarlarda video k\u00fcp, plazma, led, video monit\u00f6r<\/li>\n<li>Kutlamalarda profesyonel ses, \u0131\u015f\u0131k, lazer g\u00f6sterileri<\/li>\n<li>Konserler, defileler, kokteyl, d\u00fc\u011f\u00fcn ve partilerde canl\u0131 m\u00fczik sistemleri<\/li>\n<li>\u00dcr\u00fcn tan\u0131t\u0131mlar\u0131nda robot effect, sis makinas\u0131, gobo haz\u0131rlama<\/li>\n<li>Profesyonel \u00e7ekimlerde betacam, Dvcam,VHS kamera ve kameraman<\/li>\n<li>Uluslararas\u0131 uydu sempozyumlar\u0131nda d\u00fcnyan\u0131n herhangi bir \u015fehrinden ba\u015fka bir \u015fehre ses ve g\u00f6r\u00fcnt\u00fc aktar\u0131m\u0131 (uplink ve link sistemi)<\/li>\n<li>Interaktif oylama sistemlerinde keypad ve teknisyen<\/li>\n<li>Betacam veya VHS kaset, VCD, DVD \u00e7o\u011faltma &#8211; kopyalama hizmet<\/li>\n<li>Videokonferans altyap\u0131 ve kurulum<\/li>\n<li>Kongre, \u00fcr\u00fcn tan\u0131t\u0131m, konferans, dekor tasar\u0131m ve uygulamalar\u0131<\/li>\n<\/ul>\n<\/div>\n<\/div>\n<\/div>\n<\/div>\n<\/section>\n<p>[\/vc_column_text][\/vc_column][\/vc_row][vc_row full_width=&#8221;stretch_row_content_no_spaces&#8221; video_bg=&#8221;yes&#8221;][vc_column]<style scoped='scoped'>.mgt-promo-block-42549479864.mgt-promo-block.darken .mgt-promo-block-content {background-color: rgba(0,0,0,0.59)!important;}.mgt-promo-block-42549479864.mgt-promo-block.animated:hover .mgt-promo-block-content {background-color: rgba(0,0,0,0.5)!important;}<\/style><div class=\"mgt-promo-block animated white-text text-size-normal darken mgt-promo-block-42549479864 wpb_content_element\" data-style=\"width: 100%; height: 450px;\"><div class=\"mgt-promo-block-content\"><div class=\"mgt-promo-block-content-inside vc_custom_1738825557645\">\n<h1 style=\"text-align: center\">Hayal etti\u011finiz organizasyonlar\u0131 bizimle ger\u00e7e\u011fe d\u00f6n\u00fc\u015ft\u00fcrebilirsiniz&#8230;<\/h1>\n<h4 style=\"text-align: center\"><\/h4>\n<\/div><\/div><\/div>[\/vc_column][\/vc_row]<\/p>\n<\/div>","protected":false},"excerpt":{"rendered":"<p>[vc_row][vc_column][\/vc_column][\/vc_row][vc_row full_width=&#8221;stretch_row&#8221; css=&#8221;.vc_custom_1465983521264{padding-top: 20px !important;padding-bottom: 50px !important;}&#8221;][vc_column width=&#8221;1\/4&#8243;][vc_column_text css_animation=&#8221;left-to-right&#8221; css=&#8221;.vc_custom_1738822122676{padding-top: 25px !important;}&#8221;] G\u00d6R\u00dcNT\u00dc VE B\u0130L\u0130\u015e\u0130M S\u0130STEMLER\u0130 4K,LCD,DLP ve Full HD Projeksiyon se\u00e7enekleriyle, konusunda en iyi olan Markalar\u0131 kullan\u0131yoruz. G\u00f6r\u00fcnt\u00fclerin daha&#8230;<\/p>\n","protected":false},"author":1,"featured_media":0,"parent":0,"menu_order":0,"comment_status":"closed","ping_status":"closed","template":"","meta":{"footnotes":""},"class_list":["post-3609","page","type-page","status-publish","hentry"],"_links":{"self":[{"href":"https:\/\/urzteknik.com.tr\/index.php?rest_route=\/wp\/v2\/pages\/3609","targetHints":{"allow":["GET"]}}],"collection":[{"href":"https:\/\/urzteknik.com.tr\/index.php?rest_route=\/wp\/v2\/pages"}],"about":[{"href":"https:\/\/urzteknik.com.tr\/index.php?rest_route=\/wp\/v2\/types\/page"}],"author":[{"embeddable":true,"href":"https:\/\/urzteknik.com.tr\/index.php?rest_route=\/wp\/v2\/users\/1"}],"replies":[{"embeddable":true,"href":"https:\/\/urzteknik.com.tr\/index.php?rest_route=%2Fwp%2Fv2%2Fcomments&post=3609"}],"version-history":[{"count":4,"href":"https:\/\/urzteknik.com.tr\/index.php?rest_route=\/wp\/v2\/pages\/3609\/revisions"}],"predecessor-version":[{"id":3612,"href":"https:\/\/urzteknik.com.tr\/index.php?rest_route=\/wp\/v2\/pages\/3609\/revisions\/3612"}],"wp:attachment":[{"href":"https:\/\/urzteknik.com.tr\/index.php?rest_route=%2Fwp%2Fv2%2Fmedia&parent=3609"}],"curies":[{"name":"wp","href":"https:\/\/api.w.org\/{rel}","templated":true}]}}