{"id":930,"date":"2016-05-16T08:15:31","date_gmt":"2016-05-16T08:15:31","guid":{"rendered":"http:\/\/wp.magnium-themes.com\/thebuilt\/thebuilt-2\/?page_id=930"},"modified":"2025-02-06T08:38:19","modified_gmt":"2025-02-06T08:38:19","slug":"about-us","status":"publish","type":"page","link":"https:\/\/urzteknik.com.tr\/?page_id=930","title":{"rendered":"Kurumsal"},"content":{"rendered":"<div class=\"wpb-content-wrapper\"><p>[vc_row][vc_column]<div class=\"mgt-header-block clearfix text-left text-black wpb_content_element  mgt-header-block-style-1 mgt-header-texttransform-header \"><h2 class=\"mgt-header-block-title\">Hakk\u0131m\u0131zda<\/h2><div class=\"mgt-header-line\"><\/div><\/div>[\/vc_column][\/vc_row][vc_row equal_height=&#8221;yes&#8221; css=&#8221;.vc_custom_1463480619661{margin-bottom: 10px !important;}&#8221;][vc_column width=&#8221;1\/3&#8243; css=&#8221;.vc_custom_1459186986556{margin-right: 0px !important;padding-right: 0px !important;}&#8221;]<style scoped='scoped'>.mgt-promo-block-80547717587.mgt-promo-block.animated:hover .mgt-promo-block-content {background-color: rgba(0,0,0,0.5)!important;}<\/style><div class=\"mgt-promo-block animated white-text cover-image text-size-normal no-darken mgt-promo-block-80547717587 wpb_content_element\" data-style=\"background-image: url(https:\/\/urzteknik.com.tr\/wp-content\/uploads\/2025\/02\/URZLOGO2-1.png);background-repeat: no-repeat;width: 100%; height: 350px;\"><div class=\"mgt-promo-block-content mgt-hide-button\"><div class=\"mgt-promo-block-content-inside\"><div class=\"mgt-button-wrapper mgt-button-wrapper-align-center mgt-button-wrapper-display-newline mgt-button-top-margin-disable\"><a class=\"btn hvr-bounce-to-right mgt-button mgt-style-solid mgt-size-normal mgt-align-center mgt-display-newline mgt-text-size-normal mgt-button-icon-position-left mgt-text-transform-uppercase \" href=\"http:\/\/wp.magnium-themes.com\/thebuilt\/thebuilt-2\/our-services-modern\/\">Our Services<\/a><\/div><\/div><\/div><\/div>[\/vc_column][vc_column width=&#8221;2\/3&#8243; css=&#8221;.vc_custom_1459186959095{margin-left: 0px !important;padding-left: 0px !important;}&#8221;]<div class=\"mgt-promo-block black-text text-size-normal no-darken mgt-promo-block-75700987093 wpb_content_element wpb_animate_when_almost_visible wpb_right-to-left\" data-style=\"width: 100%; height: 400px;\"><div class=\"mgt-promo-block-content va-top\"><div class=\"mgt-promo-block-content-inside vc_custom_1738825407990\">\n<h3 style=\"text-align: left\"><strong>URZ TEKN\u0130K<\/strong><\/h3>\n<p style=\"text-align: left\">Bizler, URZ Technic olarak, kongreler, kurumsal tan\u0131t\u0131mlar ve \u00e7e\u015fitli organizasyonlar i\u00e7in kapsaml\u0131 bir hizmet yelpazesi sunuyoruz. Alan\u0131nda uzman ekibimizle etkinliklerinizi unutulmaz k\u0131lmak i\u00e7in en son teknoloji ekipmanlar, yarat\u0131c\u0131 multimedya \u00e7\u00f6z\u00fcmleri ve profesyonel teknik destek sa\u011fl\u0131yoruz.\nM\u00fc\u015fterilerimizin ihtiya\u00e7lar\u0131na \u00f6zel \u00e7\u00f6z\u00fcmler \u00fcreterek her etkinli\u011fi benzersiz bir deneyime d\u00f6n\u00fc\u015ft\u00fcrmeyi ama\u00e7l\u0131yoruz.\nAmac\u0131m\u0131z, her projeyi m\u00fc\u015fterilerimizin vizyonu do\u011frultusunda m\u00fckemmelle\u015ftirmek ve kat\u0131l\u0131mc\u0131lara ak\u0131lda kal\u0131c\u0131 bir deneyimsunmakt\u0131r. URZ Technic olarak, etkinlik \u00f6ncesi planlamadan etkinlik g\u00fcn\u00fc y\u00f6netimine ve etkinlik sonras\u0131 deste\u011fe kadar, her ad\u0131mda yan\u0131n\u0131zday\u0131z. Etkinliklerinizi, bizimle birlikte, sadece bir toplant\u0131 ya da tan\u0131t\u0131m olmaktan \u00e7\u0131kar\u0131p, kat\u0131l\u0131mc\u0131lar\u0131n haf\u0131zalar\u0131nda derin izler b\u0131rakan birer deneyime d\u00f6n\u00fc\u015ft\u00fcrmek i\u00e7in buraday\u0131z.\n<h6 style=\"text-align: left\">Can Kopmazkaya\/ Kurucu<\/h6>\n<\/div><\/div><\/div>[\/vc_column][\/vc_row][vc_row][vc_column][vc_empty_space]<div class=\"mgt-header-block clearfix text-left text-black wpb_content_element  mgt-header-block-style-1 mgt-header-texttransform-header \"><h3 class=\"mgt-header-block-title\">Y\u00d6NET\u0130M VE \u0130DARE EK\u0130B\u0130M\u0130Z<\/h3><div class=\"mgt-header-line\"><\/div><\/div>[vc_empty_space][\/vc_column][\/vc_row][vc_row full_width=&#8221;stretch_row&#8221; css=&#8221;.vc_custom_1738826245365{padding-bottom: 50px !important;}&#8221;][vc_column width=&#8221;1\/4&#8243;][vc_column_text css_animation=&#8221;left-to-right&#8221; css=&#8221;&#8221;]<\/p>\n<h3 class=\"no_stripe\"><strong>Can KOPMAZKAYA<\/strong><\/h3>\n<h5 class=\"staff_department\"><span style=\"color: #999999;\">Kurucu\u00a0<\/span><\/h5>\n<h5 class=\"staff_department\">Ses, G\u00f6r\u00fcnt\u00fc ve Watchout Sistemleri Uzman\u0131<\/h5>\n<p>[\/vc_column_text][\/vc_column][vc_column width=&#8221;1\/4&#8243;][vc_column_text css_animation=&#8221;left-to-right&#8221; css=&#8221;&#8221;]<\/p>\n<h3 class=\"no_stripe\"><strong>Bar\u0131\u015f ESER<\/strong><\/h3>\n<p>Profosyonel DJ[\/vc_column_text][\/vc_column][vc_column width=&#8221;1\/4&#8243;][vc_column_text css_animation=&#8221;left-to-right&#8221; css=&#8221;&#8221;]<\/p>\n<h3 class=\"no_stripe\"><strong>Hakan ER<\/strong><\/h3>\n<p>Ses ve I\u015f\u0131k Tekniksyeni[\/vc_column_text][\/vc_column][vc_column width=&#8221;1\/4&#8243;][vc_column_text css_animation=&#8221;left-to-right&#8221; css=&#8221;&#8221;]<\/p>\n<h3 class=\"no_stripe\"><strong>Murat Metin ERSANDIR<\/strong><\/h3>\n<h5 class=\"staff_department\">Bilgisayar ve Network Sistemleri Dan\u0131\u015fman\u0131<\/h5>\n<p>[\/vc_column_text][\/vc_column][\/vc_row][vc_row full_width=&#8221;stretch_row_content_no_spaces&#8221; video_bg=&#8221;yes&#8221;][vc_column]<style scoped='scoped'>.mgt-promo-block-42549479864.mgt-promo-block.darken .mgt-promo-block-content {background-color: rgba(0,0,0,0.59)!important;}.mgt-promo-block-42549479864.mgt-promo-block.animated:hover .mgt-promo-block-content {background-color: rgba(0,0,0,0.5)!important;}<\/style><div class=\"mgt-promo-block animated white-text text-size-normal darken mgt-promo-block-42549479864 wpb_content_element\" data-style=\"width: 100%; height: 450px;\"><div class=\"mgt-promo-block-content\"><div class=\"mgt-promo-block-content-inside vc_custom_1738825557645\">\n<h1 style=\"text-align: center\">Hayal etti\u011finiz organizasyonlar\u0131 bizimle ger\u00e7e\u011fe d\u00f6n\u00fc\u015ft\u00fcrebilirsiniz&#8230;<\/h1>\n<h4 style=\"text-align: center\"><\/h4>\n<\/div><\/div><\/div>[\/vc_column][\/vc_row]<\/p>\n<\/div>","protected":false},"excerpt":{"rendered":"<p>[vc_row][vc_column][\/vc_column][\/vc_row][vc_row equal_height=&#8221;yes&#8221; css=&#8221;.vc_custom_1463480619661{margin-bottom: 10px !important;}&#8221;][vc_column width=&#8221;1\/3&#8243; css=&#8221;.vc_custom_1459186986556{margin-right: 0px !important;padding-right: 0px !important;}&#8221;][\/vc_column][vc_column width=&#8221;2\/3&#8243; css=&#8221;.vc_custom_1459186959095{margin-left: 0px !important;padding-left: 0px !important;}&#8221;][\/vc_column][\/vc_row][vc_row][vc_column][vc_empty_space][vc_empty_space][\/vc_column][\/vc_row][vc_row full_width=&#8221;stretch_row&#8221; css=&#8221;.vc_custom_1738826245365{padding-bottom: 50px !important;}&#8221;][vc_column width=&#8221;1\/4&#8243;][vc_column_text css_animation=&#8221;left-to-right&#8221; css=&#8221;&#8221;] Can KOPMAZKAYA Kurucu\u00a0 Ses, G\u00f6r\u00fcnt\u00fc ve&#8230;<\/p>\n","protected":false},"author":1,"featured_media":0,"parent":0,"menu_order":0,"comment_status":"closed","ping_status":"closed","template":"","meta":{"footnotes":""},"class_list":["post-930","page","type-page","status-publish","hentry"],"_links":{"self":[{"href":"https:\/\/urzteknik.com.tr\/index.php?rest_route=\/wp\/v2\/pages\/930","targetHints":{"allow":["GET"]}}],"collection":[{"href":"https:\/\/urzteknik.com.tr\/index.php?rest_route=\/wp\/v2\/pages"}],"about":[{"href":"https:\/\/urzteknik.com.tr\/index.php?rest_route=\/wp\/v2\/types\/page"}],"author":[{"embeddable":true,"href":"https:\/\/urzteknik.com.tr\/index.php?rest_route=\/wp\/v2\/users\/1"}],"replies":[{"embeddable":true,"href":"https:\/\/urzteknik.com.tr\/index.php?rest_route=%2Fwp%2Fv2%2Fcomments&post=930"}],"version-history":[{"count":20,"href":"https:\/\/urzteknik.com.tr\/index.php?rest_route=\/wp\/v2\/pages\/930\/revisions"}],"predecessor-version":[{"id":3593,"href":"https:\/\/urzteknik.com.tr\/index.php?rest_route=\/wp\/v2\/pages\/930\/revisions\/3593"}],"wp:attachment":[{"href":"https:\/\/urzteknik.com.tr\/index.php?rest_route=%2Fwp%2Fv2%2Fmedia&parent=930"}],"curies":[{"name":"wp","href":"https:\/\/api.w.org\/{rel}","templated":true}]}}